{"id":3086,"date":"2024-03-28T12:50:42","date_gmt":"2024-03-28T11:50:42","guid":{"rendered":"https:\/\/cameralpina.ch\/zimmer\/"},"modified":"2025-02-07T10:28:13","modified_gmt":"2025-02-07T09:28:13","slug":"zimmer","status":"publish","type":"page","link":"https:\/\/cameralpina.ch\/de\/zimmer\/","title":{"rendered":"ZIMMER"},"content":{"rendered":"\t\t<div data-elementor-type=\"wp-page\" data-elementor-id=\"3086\" class=\"elementor elementor-3086 elementor-2830\" data-elementor-post-type=\"page\">\n\t\t\t\t<div class=\"elementor-element elementor-element-93263f3 e-flex e-con-boxed e-con e-parent\" data-id=\"93263f3\" data-element_type=\"container\" data-settings=\"{&quot;background_background&quot;:&quot;classic&quot;}\">\n\t\t\t\t\t<div class=\"e-con-inner\">\n\t\t<div class=\"elementor-element elementor-element-6c32ff7 e-flex e-con-boxed e-con e-child\" data-id=\"6c32ff7\" data-element_type=\"container\">\n\t\t\t\t\t<div class=\"e-con-inner\">\n\t\t\t\t<div class=\"elementor-element elementor-element-6221a50 elementor-widget elementor-widget-heading\" data-id=\"6221a50\" data-element_type=\"widget\" data-widget_type=\"heading.default\">\n\t\t\t\t<div class=\"elementor-widget-container\">\n\t\t\t\t\t<h1 class=\"elementor-heading-title elementor-size-default\">Alpines<\/h1>\t\t\t\t<\/div>\n\t\t\t\t<\/div>\n\t\t\t\t<div class=\"elementor-element elementor-element-955d965 elementor-widget elementor-widget-heading\" data-id=\"955d965\" data-element_type=\"widget\" data-widget_type=\"heading.default\">\n\t\t\t\t<div class=\"elementor-widget-container\">\n\t\t\t\t\t<h2 class=\"elementor-heading-title elementor-size-default\">ZIMMER<\/h2>\t\t\t\t<\/div>\n\t\t\t\t<\/div>\n\t\t\t\t\t<\/div>\n\t\t\t\t<\/div>\n\t\t\t\t\t<\/div>\n\t\t\t\t<\/div>\n\t\t<div class=\"elementor-element elementor-element-4cb475b e-flex e-con-boxed e-con e-parent\" data-id=\"4cb475b\" data-element_type=\"container\" data-settings=\"{&quot;background_background&quot;:&quot;classic&quot;}\">\n\t\t\t\t\t<div class=\"e-con-inner\">\n\t\t<div class=\"elementor-element elementor-element-9741bfd e-con-full e-flex e-con e-child\" data-id=\"9741bfd\" data-element_type=\"container\">\n\t\t\t\t<div class=\"elementor-element elementor-element-d90ef00 elementor-widget elementor-widget-image\" data-id=\"d90ef00\" data-element_type=\"widget\" data-widget_type=\"image.default\">\n\t\t\t\t<div class=\"elementor-widget-container\">\n\t\t\t\t\t\t\t\t\t\t\t\t\t\t\t<img fetchpriority=\"high\" decoding=\"async\" width=\"534\" height=\"400\" src=\"https:\/\/cameralpina.ch\/wp-content\/uploads\/2024\/03\/camera-2.jpg\" class=\"attachment-full size-full wp-image-3259\" alt=\"Camere Foroglio\" srcset=\"https:\/\/cameralpina.ch\/wp-content\/uploads\/2024\/03\/camera-2.jpg 534w, https:\/\/cameralpina.ch\/wp-content\/uploads\/2024\/03\/camera-2-300x225.jpg 300w\" sizes=\"(max-width: 534px) 100vw, 534px\" \/>\t\t\t\t\t\t\t\t\t\t\t\t\t\t\t<\/div>\n\t\t\t\t<\/div>\n\t\t\t\t<\/div>\n\t\t<div class=\"elementor-element elementor-element-458f621 e-con-full e-flex e-con e-child\" data-id=\"458f621\" data-element_type=\"container\">\n\t\t\t\t<div class=\"elementor-element elementor-element-57ee7d9 elementor-widget elementor-widget-heading\" data-id=\"57ee7d9\" data-element_type=\"widget\" data-widget_type=\"heading.default\">\n\t\t\t\t<div class=\"elementor-widget-container\">\n\t\t\t\t\t<h1 class=\"elementor-heading-title elementor-size-default\">DAS ZIMMER<\/h1>\t\t\t\t<\/div>\n\t\t\t\t<\/div>\n\t\t\t\t<div class=\"elementor-element elementor-element-9dbc1b1 elementor-widget__width-initial elementor-widget elementor-widget-text-editor\" data-id=\"9dbc1b1\" data-element_type=\"widget\" data-widget_type=\"text-editor.default\">\n\t\t\t\t<div class=\"elementor-widget-container\">\n\t\t\t\t\t\t\t\t\t<p>Das ALPINE ZIMMER befindet sich in Foroglio, im<br \/>Bavonatal, rund vierzig Kilometer von<br \/>Ascona\/Locarno entfernt.<\/p><p>\u00a0<\/p><p><strong>ZUGANG<\/strong><br \/>Granittreppe (sechs Stufen).<\/p><p>\u00a0<\/p><p><strong>R\u00c4UME<\/strong><br \/>Mansarde mit zwei Einzelbetten (die aneinanderger\u00fcckt werden k\u00f6nnen); Wohnzimmer mit Tisch, zwei St\u00fchlen und einem Schlafsofa; Badezimmer mit Dusche, Lavabo und WC.<\/p>\t\t\t\t\t\t\t\t<\/div>\n\t\t\t\t<\/div>\n\t\t\t\t<\/div>\n\t\t\t\t\t<\/div>\n\t\t\t\t<\/div>\n\t\t<div class=\"elementor-element elementor-element-ea55d8c e-flex e-con-boxed e-con e-parent\" data-id=\"ea55d8c\" data-element_type=\"container\">\n\t\t\t\t\t<div class=\"e-con-inner\">\n\t\t<div class=\"elementor-element elementor-element-d86d343 e-con-full e-flex e-con e-child\" data-id=\"d86d343\" data-element_type=\"container\">\n\t\t<div class=\"elementor-element elementor-element-f7fb75a e-con-full e-flex e-con e-child\" data-id=\"f7fb75a\" data-element_type=\"container\">\n\t\t\t\t<div class=\"elementor-element elementor-element-556affd elementor-widget elementor-widget-heading\" data-id=\"556affd\" data-element_type=\"widget\" data-widget_type=\"heading.default\">\n\t\t\t\t<div class=\"elementor-widget-container\">\n\t\t\t\t\t<h1 class=\"elementor-heading-title elementor-size-default\">N\u00dcTZLICHE INFORMATIONEN<\/h1>\t\t\t\t<\/div>\n\t\t\t\t<\/div>\n\t\t\t\t<div class=\"elementor-element elementor-element-35ab284 elementor-widget elementor-widget-text-editor\" data-id=\"35ab284\" data-element_type=\"widget\" data-widget_type=\"text-editor.default\">\n\t\t\t\t<div class=\"elementor-widget-container\">\n\t\t\t\t\t\t\t\t\t<p><strong>STROM<\/strong><br \/>In Foroglio (und fast im ganzen Bavonatal) besteht kein Anschluss ans Stromnetz. Die Beleuchtung im ZIMMER erfolgt mittels Solarpanelen. Es sind auch eine Steckdose von maximal 500 Watt und USB-Anschl\u00fcsse vorhanden, um Handys und andere elektronische Ger\u00e4te aufzuladen. Wenn der Generator in Betrieb ist steht \u00fcberdies ein F\u00f6hn zur Verf\u00fcgung.<\/p><p>\u00a0<\/p><p><strong>HEIZUNG<\/strong><br \/>mit Gas.<\/p><p>\u00a0<\/p><p><strong>VORHANDEN SIND<\/strong><br \/>Handt\u00fccher, Bettw\u00e4sche, Tauchsieder (um Tee zu kochen).<\/p><p>Gratis WLAN.<\/p><p>Im ALPINEN ZIMMER sind Tiere nicht erlaubt und es herrscht Rauchverbot.<\/p>\t\t\t\t\t\t\t\t<\/div>\n\t\t\t\t<\/div>\n\t\t\t\t<\/div>\n\t\t<div class=\"elementor-element elementor-element-4d43812 e-con-full e-flex e-con e-child\" data-id=\"4d43812\" data-element_type=\"container\">\n\t\t\t\t<div class=\"elementor-element elementor-element-deb763a elementor-widget elementor-widget-image\" data-id=\"deb763a\" data-element_type=\"widget\" data-widget_type=\"image.default\">\n\t\t\t\t<div class=\"elementor-widget-container\">\n\t\t\t\t\t\t\t\t\t\t\t\t\t\t\t<img decoding=\"async\" width=\"534\" height=\"713\" src=\"https:\/\/cameralpina.ch\/wp-content\/uploads\/2024\/03\/camera-3.jpg\" class=\"attachment-full size-full wp-image-3257\" alt=\"Camere Foroglio\" srcset=\"https:\/\/cameralpina.ch\/wp-content\/uploads\/2024\/03\/camera-3.jpg 534w, https:\/\/cameralpina.ch\/wp-content\/uploads\/2024\/03\/camera-3-225x300.jpg 225w\" sizes=\"(max-width: 534px) 100vw, 534px\" \/>\t\t\t\t\t\t\t\t\t\t\t\t\t\t\t<\/div>\n\t\t\t\t<\/div>\n\t\t\t\t<\/div>\n\t\t\t\t<\/div>\n\t\t\t\t\t<\/div>\n\t\t\t\t<\/div>\n\t\t<div class=\"elementor-element elementor-element-25fe46f e-flex e-con-boxed e-con e-parent\" data-id=\"25fe46f\" data-element_type=\"container\">\n\t\t\t\t\t<div class=\"e-con-inner\">\n\t\t<div class=\"elementor-element elementor-element-0f31060 e-con-full e-flex e-con e-child\" data-id=\"0f31060\" data-element_type=\"container\">\n\t\t<div class=\"elementor-element elementor-element-3b6768b e-con-full e-flex e-con e-child\" data-id=\"3b6768b\" data-element_type=\"container\">\n\t\t\t\t<div class=\"elementor-element elementor-element-c054074 elementor-widget elementor-widget-image\" data-id=\"c054074\" data-element_type=\"widget\" data-widget_type=\"image.default\">\n\t\t\t\t<div class=\"elementor-widget-container\">\n\t\t\t\t\t\t\t\t\t\t\t\t\t\t\t<img decoding=\"async\" width=\"628\" height=\"408\" src=\"https:\/\/cameralpina.ch\/wp-content\/uploads\/2024\/03\/camera-1.jpg\" class=\"attachment-full size-full wp-image-3258\" alt=\"Camere Foroglio\" srcset=\"https:\/\/cameralpina.ch\/wp-content\/uploads\/2024\/03\/camera-1.jpg 628w, https:\/\/cameralpina.ch\/wp-content\/uploads\/2024\/03\/camera-1-600x390.jpg 600w, https:\/\/cameralpina.ch\/wp-content\/uploads\/2024\/03\/camera-1-300x195.jpg 300w\" sizes=\"(max-width: 628px) 100vw, 628px\" \/>\t\t\t\t\t\t\t\t\t\t\t\t\t\t\t<\/div>\n\t\t\t\t<\/div>\n\t\t\t\t<\/div>\n\t\t<div class=\"elementor-element elementor-element-6b46344 e-con-full e-flex e-con e-child\" data-id=\"6b46344\" data-element_type=\"container\">\n\t\t\t\t<div class=\"elementor-element elementor-element-6f6340e elementor-widget elementor-widget-heading\" data-id=\"6f6340e\" data-element_type=\"widget\" data-widget_type=\"heading.default\">\n\t\t\t\t<div class=\"elementor-widget-container\">\n\t\t\t\t\t<h1 class=\"elementor-heading-title elementor-size-default\">RISTORANTE<\/h1>\t\t\t\t<\/div>\n\t\t\t\t<\/div>\n\t\t\t\t<div class=\"elementor-element elementor-element-a2ec9c5 elementor-widget elementor-widget-heading\" data-id=\"a2ec9c5\" data-element_type=\"widget\" data-widget_type=\"heading.default\">\n\t\t\t\t<div class=\"elementor-widget-container\">\n\t\t\t\t\t<h1 class=\"elementor-heading-title elementor-size-default\">\nLA FRODA<\/h1>\t\t\t\t<\/div>\n\t\t\t\t<\/div>\n\t\t\t\t<div class=\"elementor-element elementor-element-6b34552 elementor-widget elementor-widget-text-editor\" data-id=\"6b34552\" data-element_type=\"widget\" data-widget_type=\"text-editor.default\">\n\t\t\t\t<div class=\"elementor-widget-container\">\n\t\t\t\t\t\t\t\t\t<p>Gleich neben dem ALPINEN ZIMMER befindet sich das 1928 er\u00f6ffnete <strong>Ristorante La Froda<\/strong>, ein idealer Ausgangspunkt f\u00fcr einen Aufenthalt in Foroglio. Weitere Informationen auf der Webseite <strong>www.lafroda.ch<\/strong><\/p>\n\t\t\t\t\t\t\t\t<\/div>\n\t\t\t\t<\/div>\n\t\t\t\t<\/div>\n\t\t\t\t<\/div>\n\t\t\t\t\t<\/div>\n\t\t\t\t<\/div>\n\t\t\t\t<\/div>\n\t\t","protected":false},"excerpt":{"rendered":"<p>Alpines ZIMMER DAS ZIMMER Das ALPINE ZIMMER befindet sich in Foroglio, im Bavonatal, rund vierzig Kilometer von Ascona\/Locarno entfernt. ZUGANG Granittreppe (sechs Stufen). R\u00c4UME Mansarde mit zwei Einzelbetten (die aneinanderger\u00fcckt werden k\u00f6nnen); Wohnzimmer mit Tisch, zwei St\u00fchlen und einem Schlafsofa; Badezimmer mit Dusche, Lavabo und WC. N\u00dcTZLICHE INFORMATIONEN STROM In Foroglio (und fast im ganzen [&hellip;]<\/p>\n","protected":false},"author":3,"featured_media":0,"parent":0,"menu_order":0,"comment_status":"closed","ping_status":"closed","template":"","meta":{"site-sidebar-layout":"no-sidebar","site-content-layout":"page-builder","ast-site-content-layout":"full-width-container","site-content-style":"unboxed","site-sidebar-style":"unboxed","ast-global-header-display":"","ast-banner-title-visibility":"","ast-main-header-display":"","ast-hfb-above-header-display":"","ast-hfb-below-header-display":"","ast-hfb-mobile-header-display":"","site-post-title":"disabled","ast-breadcrumbs-content":"","ast-featured-img":"disabled","footer-sml-layout":"","theme-transparent-header-meta":"enabled","adv-header-id-meta":"","stick-header-meta":"default","header-above-stick-meta":"","header-main-stick-meta":"","header-below-stick-meta":"","astra-migrate-meta-layouts":"set","ast-page-background-enabled":"default","ast-page-background-meta":{"desktop":{"background-color":"var(--ast-global-color-4)","background-image":"","background-repeat":"repeat","background-position":"center center","background-size":"auto","background-attachment":"scroll","background-type":"","background-media":"","overlay-type":"","overlay-color":"","overlay-gradient":""},"tablet":{"background-color":"","background-image":"","background-repeat":"repeat","background-position":"center center","background-size":"auto","background-attachment":"scroll","background-type":"","background-media":"","overlay-type":"","overlay-color":"","overlay-gradient":""},"mobile":{"background-color":"","background-image":"","background-repeat":"repeat","background-position":"center center","background-size":"auto","background-attachment":"scroll","background-type":"","background-media":"","overlay-type":"","overlay-color":"","overlay-gradient":""}},"ast-content-background-meta":{"desktop":{"background-color":"var(--ast-global-color-5)","background-image":"","background-repeat":"repeat","background-position":"center center","background-size":"auto","background-attachment":"scroll","background-type":"","background-media":"","overlay-type":"","overlay-color":"","overlay-gradient":""},"tablet":{"background-color":"var(--ast-global-color-5)","background-image":"","background-repeat":"repeat","background-position":"center center","background-size":"auto","background-attachment":"scroll","background-type":"","background-media":"","overlay-type":"","overlay-color":"","overlay-gradient":""},"mobile":{"background-color":"var(--ast-global-color-5)","background-image":"","background-repeat":"repeat","background-position":"center center","background-size":"auto","background-attachment":"scroll","background-type":"","background-media":"","overlay-type":"","overlay-color":"","overlay-gradient":""}},"footnotes":""},"class_list":["post-3086","page","type-page","status-publish","hentry"],"yoast_head":"<!-- This site is optimized with the Yoast SEO plugin v25.0 - https:\/\/yoast.com\/wordpress\/plugins\/seo\/ -->\n<title>Zimmer in Foroglio, entdecken sie das alpine Zimmer<\/title>\n<meta name=\"description\" content=\"Zimmer in Foroglio: Entdecken Sie das Val Bavona im Tessin. Ein unvergesslicher Aufenthalt zwischen Komfort und Natur in der Schweiz.\" \/>\n<meta name=\"robots\" content=\"index, follow, max-snippet:-1, max-image-preview:large, max-video-preview:-1\" \/>\n<link rel=\"canonical\" href=\"https:\/\/cameralpina.ch\/de\/zimmer\/\" \/>\n<meta property=\"og:locale\" content=\"de_DE\" \/>\n<meta property=\"og:type\" content=\"article\" \/>\n<meta property=\"og:title\" content=\"Zimmer in Foroglio, entdecken sie das alpine Zimmer\" \/>\n<meta property=\"og:description\" content=\"Zimmer in Foroglio: Entdecken Sie das Val Bavona im Tessin. Ein unvergesslicher Aufenthalt zwischen Komfort und Natur in der Schweiz.\" \/>\n<meta property=\"og:url\" content=\"https:\/\/cameralpina.ch\/de\/zimmer\/\" \/>\n<meta property=\"og:site_name\" content=\"La Camera Alpina\" \/>\n<meta property=\"article:modified_time\" content=\"2025-02-07T09:28:13+00:00\" \/>\n<meta property=\"og:image\" content=\"https:\/\/cameralpina.ch\/wp-content\/uploads\/2024\/03\/camera-2.jpg\" \/>\n<meta name=\"twitter:card\" content=\"summary_large_image\" \/>\n<meta name=\"twitter:label1\" content=\"Gesch\u00e4tzte Lesezeit\" \/>\n\t<meta name=\"twitter:data1\" content=\"2\u00a0Minuten\" \/>\n<script type=\"application\/ld+json\" class=\"yoast-schema-graph\">{\"@context\":\"https:\/\/schema.org\",\"@graph\":[{\"@type\":\"WebPage\",\"@id\":\"https:\/\/cameralpina.ch\/de\/zimmer\/\",\"url\":\"https:\/\/cameralpina.ch\/de\/zimmer\/\",\"name\":\"Zimmer in Foroglio, entdecken sie das alpine Zimmer\",\"isPartOf\":{\"@id\":\"https:\/\/cameralpina.ch\/de\/#website\"},\"primaryImageOfPage\":{\"@id\":\"https:\/\/cameralpina.ch\/de\/zimmer\/#primaryimage\"},\"image\":{\"@id\":\"https:\/\/cameralpina.ch\/de\/zimmer\/#primaryimage\"},\"thumbnailUrl\":\"https:\/\/cameralpina.ch\/wp-content\/uploads\/2024\/03\/camera-2.jpg\",\"datePublished\":\"2024-03-28T11:50:42+00:00\",\"dateModified\":\"2025-02-07T09:28:13+00:00\",\"description\":\"Zimmer in Foroglio: Entdecken Sie das Val Bavona im Tessin. Ein unvergesslicher Aufenthalt zwischen Komfort und Natur in der Schweiz.\",\"breadcrumb\":{\"@id\":\"https:\/\/cameralpina.ch\/de\/zimmer\/#breadcrumb\"},\"inLanguage\":\"de\",\"potentialAction\":[{\"@type\":\"ReadAction\",\"target\":[\"https:\/\/cameralpina.ch\/de\/zimmer\/\"]}]},{\"@type\":\"ImageObject\",\"inLanguage\":\"de\",\"@id\":\"https:\/\/cameralpina.ch\/de\/zimmer\/#primaryimage\",\"url\":\"https:\/\/cameralpina.ch\/wp-content\/uploads\/2024\/03\/camera-2.jpg\",\"contentUrl\":\"https:\/\/cameralpina.ch\/wp-content\/uploads\/2024\/03\/camera-2.jpg\"},{\"@type\":\"BreadcrumbList\",\"@id\":\"https:\/\/cameralpina.ch\/de\/zimmer\/#breadcrumb\",\"itemListElement\":[{\"@type\":\"ListItem\",\"position\":1,\"name\":\"Home\",\"item\":\"https:\/\/cameralpina.ch\/de\/\"},{\"@type\":\"ListItem\",\"position\":2,\"name\":\"ZIMMER\"}]},{\"@type\":\"WebSite\",\"@id\":\"https:\/\/cameralpina.ch\/de\/#website\",\"url\":\"https:\/\/cameralpina.ch\/de\/\",\"name\":\"La Camera Alpina\",\"description\":\"\",\"publisher\":{\"@id\":\"https:\/\/cameralpina.ch\/de\/#organization\"},\"potentialAction\":[{\"@type\":\"SearchAction\",\"target\":{\"@type\":\"EntryPoint\",\"urlTemplate\":\"https:\/\/cameralpina.ch\/de\/?s={search_term_string}\"},\"query-input\":{\"@type\":\"PropertyValueSpecification\",\"valueRequired\":true,\"valueName\":\"search_term_string\"}}],\"inLanguage\":\"de\"},{\"@type\":\"Organization\",\"@id\":\"https:\/\/cameralpina.ch\/de\/#organization\",\"name\":\"La Camera Alpina\",\"url\":\"https:\/\/cameralpina.ch\/de\/\",\"logo\":{\"@type\":\"ImageObject\",\"inLanguage\":\"de\",\"@id\":\"https:\/\/cameralpina.ch\/de\/#\/schema\/logo\/image\/\",\"url\":\"https:\/\/cameralpina.ch\/wp-content\/uploads\/2021\/11\/logo-camera-alpina.png\",\"contentUrl\":\"https:\/\/cameralpina.ch\/wp-content\/uploads\/2021\/11\/logo-camera-alpina.png\",\"width\":451,\"height\":191,\"caption\":\"La Camera Alpina\"},\"image\":{\"@id\":\"https:\/\/cameralpina.ch\/de\/#\/schema\/logo\/image\/\"}}]}<\/script>\n<!-- \/ Yoast SEO plugin. -->","yoast_head_json":{"title":"Zimmer in Foroglio, entdecken sie das alpine Zimmer","description":"Zimmer in Foroglio: Entdecken Sie das Val Bavona im Tessin. Ein unvergesslicher Aufenthalt zwischen Komfort und Natur in der Schweiz.","robots":{"index":"index","follow":"follow","max-snippet":"max-snippet:-1","max-image-preview":"max-image-preview:large","max-video-preview":"max-video-preview:-1"},"canonical":"https:\/\/cameralpina.ch\/de\/zimmer\/","og_locale":"de_DE","og_type":"article","og_title":"Zimmer in Foroglio, entdecken sie das alpine Zimmer","og_description":"Zimmer in Foroglio: Entdecken Sie das Val Bavona im Tessin. Ein unvergesslicher Aufenthalt zwischen Komfort und Natur in der Schweiz.","og_url":"https:\/\/cameralpina.ch\/de\/zimmer\/","og_site_name":"La Camera Alpina","article_modified_time":"2025-02-07T09:28:13+00:00","og_image":[{"url":"https:\/\/cameralpina.ch\/wp-content\/uploads\/2024\/03\/camera-2.jpg","type":"","width":"","height":""}],"twitter_card":"summary_large_image","twitter_misc":{"Gesch\u00e4tzte Lesezeit":"2\u00a0Minuten"},"schema":{"@context":"https:\/\/schema.org","@graph":[{"@type":"WebPage","@id":"https:\/\/cameralpina.ch\/de\/zimmer\/","url":"https:\/\/cameralpina.ch\/de\/zimmer\/","name":"Zimmer in Foroglio, entdecken sie das alpine Zimmer","isPartOf":{"@id":"https:\/\/cameralpina.ch\/de\/#website"},"primaryImageOfPage":{"@id":"https:\/\/cameralpina.ch\/de\/zimmer\/#primaryimage"},"image":{"@id":"https:\/\/cameralpina.ch\/de\/zimmer\/#primaryimage"},"thumbnailUrl":"https:\/\/cameralpina.ch\/wp-content\/uploads\/2024\/03\/camera-2.jpg","datePublished":"2024-03-28T11:50:42+00:00","dateModified":"2025-02-07T09:28:13+00:00","description":"Zimmer in Foroglio: Entdecken Sie das Val Bavona im Tessin. Ein unvergesslicher Aufenthalt zwischen Komfort und Natur in der Schweiz.","breadcrumb":{"@id":"https:\/\/cameralpina.ch\/de\/zimmer\/#breadcrumb"},"inLanguage":"de","potentialAction":[{"@type":"ReadAction","target":["https:\/\/cameralpina.ch\/de\/zimmer\/"]}]},{"@type":"ImageObject","inLanguage":"de","@id":"https:\/\/cameralpina.ch\/de\/zimmer\/#primaryimage","url":"https:\/\/cameralpina.ch\/wp-content\/uploads\/2024\/03\/camera-2.jpg","contentUrl":"https:\/\/cameralpina.ch\/wp-content\/uploads\/2024\/03\/camera-2.jpg"},{"@type":"BreadcrumbList","@id":"https:\/\/cameralpina.ch\/de\/zimmer\/#breadcrumb","itemListElement":[{"@type":"ListItem","position":1,"name":"Home","item":"https:\/\/cameralpina.ch\/de\/"},{"@type":"ListItem","position":2,"name":"ZIMMER"}]},{"@type":"WebSite","@id":"https:\/\/cameralpina.ch\/de\/#website","url":"https:\/\/cameralpina.ch\/de\/","name":"La Camera Alpina","description":"","publisher":{"@id":"https:\/\/cameralpina.ch\/de\/#organization"},"potentialAction":[{"@type":"SearchAction","target":{"@type":"EntryPoint","urlTemplate":"https:\/\/cameralpina.ch\/de\/?s={search_term_string}"},"query-input":{"@type":"PropertyValueSpecification","valueRequired":true,"valueName":"search_term_string"}}],"inLanguage":"de"},{"@type":"Organization","@id":"https:\/\/cameralpina.ch\/de\/#organization","name":"La Camera Alpina","url":"https:\/\/cameralpina.ch\/de\/","logo":{"@type":"ImageObject","inLanguage":"de","@id":"https:\/\/cameralpina.ch\/de\/#\/schema\/logo\/image\/","url":"https:\/\/cameralpina.ch\/wp-content\/uploads\/2021\/11\/logo-camera-alpina.png","contentUrl":"https:\/\/cameralpina.ch\/wp-content\/uploads\/2021\/11\/logo-camera-alpina.png","width":451,"height":191,"caption":"La Camera Alpina"},"image":{"@id":"https:\/\/cameralpina.ch\/de\/#\/schema\/logo\/image\/"}}]}},"_links":{"self":[{"href":"https:\/\/cameralpina.ch\/de\/wp-json\/wp\/v2\/pages\/3086","targetHints":{"allow":["GET"]}}],"collection":[{"href":"https:\/\/cameralpina.ch\/de\/wp-json\/wp\/v2\/pages"}],"about":[{"href":"https:\/\/cameralpina.ch\/de\/wp-json\/wp\/v2\/types\/page"}],"author":[{"embeddable":true,"href":"https:\/\/cameralpina.ch\/de\/wp-json\/wp\/v2\/users\/3"}],"replies":[{"embeddable":true,"href":"https:\/\/cameralpina.ch\/de\/wp-json\/wp\/v2\/comments?post=3086"}],"version-history":[{"count":8,"href":"https:\/\/cameralpina.ch\/de\/wp-json\/wp\/v2\/pages\/3086\/revisions"}],"predecessor-version":[{"id":3436,"href":"https:\/\/cameralpina.ch\/de\/wp-json\/wp\/v2\/pages\/3086\/revisions\/3436"}],"wp:attachment":[{"href":"https:\/\/cameralpina.ch\/de\/wp-json\/wp\/v2\/media?parent=3086"}],"curies":[{"name":"wp","href":"https:\/\/api.w.org\/{rel}","templated":true}]}}