{"id":3115,"date":"2021-11-21T15:14:44","date_gmt":"2021-11-21T14:14:44","guid":{"rendered":"https:\/\/cameralpina.ch\/kontakte\/"},"modified":"2025-02-07T12:00:40","modified_gmt":"2025-02-07T11:00:40","slug":"kontakte","status":"publish","type":"page","link":"https:\/\/cameralpina.ch\/de\/kontakte\/","title":{"rendered":"KONTAKTE"},"content":{"rendered":"\t\t<div data-elementor-type=\"wp-page\" data-elementor-id=\"3115\" class=\"elementor elementor-3115 elementor-16\" data-elementor-post-type=\"page\">\n\t\t\t\t<div class=\"elementor-element elementor-element-f3d06b3 e-flex e-con-boxed e-con e-parent\" data-id=\"f3d06b3\" data-element_type=\"container\" data-settings=\"{&quot;background_background&quot;:&quot;classic&quot;}\">\n\t\t\t\t\t<div class=\"e-con-inner\">\n\t\t<div class=\"elementor-element elementor-element-c248003 e-flex e-con-boxed e-con e-child\" data-id=\"c248003\" data-element_type=\"container\">\n\t\t\t\t\t<div class=\"e-con-inner\">\n\t\t\t\t<div class=\"elementor-element elementor-element-8c2c08f elementor-widget elementor-widget-heading\" data-id=\"8c2c08f\" data-element_type=\"widget\" data-widget_type=\"heading.default\">\n\t\t\t\t<div class=\"elementor-widget-container\">\n\t\t\t\t\t<h1 class=\"elementor-heading-title elementor-size-default\">Alpines<\/h1>\t\t\t\t<\/div>\n\t\t\t\t<\/div>\n\t\t\t\t<div class=\"elementor-element elementor-element-5458a4c elementor-widget elementor-widget-heading\" data-id=\"5458a4c\" data-element_type=\"widget\" data-widget_type=\"heading.default\">\n\t\t\t\t<div class=\"elementor-widget-container\">\n\t\t\t\t\t<h2 class=\"elementor-heading-title elementor-size-default\">ZIMMER<\/h2>\t\t\t\t<\/div>\n\t\t\t\t<\/div>\n\t\t\t\t<div class=\"elementor-element elementor-element-f8ac915 elementor-widget elementor-widget-text-editor\" data-id=\"f8ac915\" data-element_type=\"widget\" data-widget_type=\"text-editor.default\">\n\t\t\t\t<div class=\"elementor-widget-container\">\n\t\t\t\t\t\t\t\t\t<p>KONTAKTE<\/p>\t\t\t\t\t\t\t\t<\/div>\n\t\t\t\t<\/div>\n\t\t\t\t\t<\/div>\n\t\t\t\t<\/div>\n\t\t\t\t\t<\/div>\n\t\t\t\t<\/div>\n\t\t<div class=\"elementor-element elementor-element-fc3bc8a e-flex e-con-boxed e-con e-parent\" data-id=\"fc3bc8a\" data-element_type=\"container\">\n\t\t\t\t\t<div class=\"e-con-inner\">\n\t\t\t\t<div class=\"elementor-element elementor-element-53d5567 elementor-widget elementor-widget-heading\" data-id=\"53d5567\" data-element_type=\"widget\" data-widget_type=\"heading.default\">\n\t\t\t\t<div class=\"elementor-widget-container\">\n\t\t\t\t\t<h1 class=\"elementor-heading-title elementor-size-default\">F\u00dcR INFORMATIONEN<\/h1>\t\t\t\t<\/div>\n\t\t\t\t<\/div>\n\t\t\t\t<div class=\"elementor-element elementor-element-2db79d6 elementor-widget elementor-widget-text-editor\" data-id=\"2db79d6\" data-element_type=\"widget\" data-widget_type=\"text-editor.default\">\n\t\t\t\t<div class=\"elementor-widget-container\">\n\t\t\t\t\t\t\t\t\t<p>Schicke uns eine Mitteilung, wenn du weitere Informationen \u00fcber deinen Aufenthalt erhalten m\u00f6chtest.<\/p>\n\t\t\t\t\t\t\t\t<\/div>\n\t\t\t\t<\/div>\n\t\t<div class=\"elementor-element elementor-element-ddd6bd2 e-con-full e-flex e-con e-child\" data-id=\"ddd6bd2\" data-element_type=\"container\">\n\t\t\t\t<div class=\"elementor-element elementor-element-72d6057 elementor-widget__width-initial elementor-widget-mobile__width-inherit elementor-widget elementor-widget-shortcode\" data-id=\"72d6057\" data-element_type=\"widget\" data-widget_type=\"shortcode.default\">\n\t\t\t\t<div class=\"elementor-widget-container\">\n\t\t\t\t\t\t\t<div class=\"elementor-shortcode\">\n<div class=\"wpcf7 no-js\" id=\"wpcf7-f3159-o1\" lang=\"de-DE\" dir=\"ltr\" data-wpcf7-id=\"3159\">\n<div class=\"screen-reader-response\"><p role=\"status\" aria-live=\"polite\" aria-atomic=\"true\"><\/p> <ul><\/ul><\/div>\n<form action=\"\/de\/wp-json\/wp\/v2\/pages\/3115#wpcf7-f3159-o1\" method=\"post\" class=\"wpcf7-form init\" aria-label=\"Kontaktformular\" novalidate=\"novalidate\" data-status=\"init\">\n<div style=\"display: none;\">\n<input type=\"hidden\" name=\"_wpcf7\" value=\"3159\" \/>\n<input type=\"hidden\" name=\"_wpcf7_version\" value=\"6.0.6\" \/>\n<input type=\"hidden\" name=\"_wpcf7_locale\" value=\"de_DE\" \/>\n<input type=\"hidden\" name=\"_wpcf7_unit_tag\" value=\"wpcf7-f3159-o1\" \/>\n<input type=\"hidden\" name=\"_wpcf7_container_post\" value=\"0\" \/>\n<input type=\"hidden\" name=\"_wpcf7_posted_data_hash\" value=\"\" \/>\n<\/div>\n<div class=\"form-inn\">\n\t<div class=\"row\">\n\t\t<div class=\"col\">\n\t\t\t<p><span class=\"wpcf7-form-control-wrap\" data-name=\"nome\"><input size=\"40\" maxlength=\"400\" class=\"wpcf7-form-control wpcf7-text wpcf7-validates-as-required\" aria-required=\"true\" aria-invalid=\"false\" placeholder=\"Vorname*\" value=\"\" type=\"text\" name=\"nome\" \/><\/span>\n\t\t\t<\/p>\n\t\t<\/div>\n\t\t<div class=\"col\">\n\t\t\t<p><span class=\"wpcf7-form-control-wrap\" data-name=\"cognome\"><input size=\"40\" maxlength=\"400\" class=\"wpcf7-form-control wpcf7-text wpcf7-validates-as-required\" aria-required=\"true\" aria-invalid=\"false\" placeholder=\"Nachname*\" value=\"\" type=\"text\" name=\"cognome\" \/><\/span>\n\t\t\t<\/p>\n\t\t<\/div>\n\t<\/div>\n\t<div class=\"row\">\n\t\t<div class=\"col\">\n\t\t\t<p><span class=\"wpcf7-form-control-wrap\" data-name=\"mail\"><input size=\"40\" maxlength=\"400\" class=\"wpcf7-form-control wpcf7-email wpcf7-validates-as-required wpcf7-text wpcf7-validates-as-email\" aria-required=\"true\" aria-invalid=\"false\" placeholder=\"Email*\" value=\"\" type=\"email\" name=\"mail\" \/><\/span>\n\t\t\t<\/p>\n\t\t<\/div>\n\t\t<div class=\"col\">\n\t\t\t<p><span class=\"wpcf7-form-control-wrap\" data-name=\"tel\"><input size=\"40\" maxlength=\"400\" class=\"wpcf7-form-control wpcf7-text wpcf7-validates-as-required\" aria-required=\"true\" aria-invalid=\"false\" placeholder=\"Telefon*\" value=\"\" type=\"text\" name=\"tel\" \/><\/span>\n\t\t\t<\/p>\n\t\t<\/div>\n\t<\/div>\n\t<p><span class=\"wpcf7-form-control-wrap\" data-name=\"messaggio\"><textarea cols=\"40\" rows=\"10\" maxlength=\"2000\" class=\"wpcf7-form-control wpcf7-textarea\" aria-invalid=\"false\" placeholder=\"Nachricht\" name=\"messaggio\"><\/textarea><\/span>\n\t<\/p>\n<\/div>\n<p><input class=\"wpcf7-form-control wpcf7-submit has-spinner\" type=\"submit\" value=\"Einreichen\" \/>\n<\/p>\n<style>\n.row{\ndisplay:flex;\nmargin: 0 -15px;\n}\n.row .col{\npadding: 0 15px;\nmargin-bottom:30px;\n}\n@media screen and (max-width:992px){\n.row{\ndisplay:block;\n}\n}\n<\/style><div class=\"wpcf7-response-output\" aria-hidden=\"true\"><\/div>\n<\/form>\n<\/div>\n<\/div>\n\t\t\t\t\t\t<\/div>\n\t\t\t\t<\/div>\n\t\t\t\t<\/div>\n\t\t\t\t\t<\/div>\n\t\t\t\t<\/div>\n\t\t<div class=\"elementor-element elementor-element-eb0fdf6 e-flex e-con-boxed e-con e-parent\" data-id=\"eb0fdf6\" data-element_type=\"container\">\n\t\t\t\t\t<div class=\"e-con-inner\">\n\t\t<div class=\"elementor-element elementor-element-3678a74 e-con-full e-flex e-con e-child\" data-id=\"3678a74\" data-element_type=\"container\">\n\t\t<div class=\"elementor-element elementor-element-33926dd e-con-full e-flex e-con e-child\" data-id=\"33926dd\" data-element_type=\"container\">\n\t\t\t\t<div class=\"elementor-element elementor-element-ea9f77d elementor-widget elementor-widget-image\" data-id=\"ea9f77d\" data-element_type=\"widget\" data-widget_type=\"image.default\">\n\t\t\t\t<div class=\"elementor-widget-container\">\n\t\t\t\t\t\t\t\t\t\t\t\t\t\t\t<img fetchpriority=\"high\" decoding=\"async\" width=\"628\" height=\"401\" src=\"https:\/\/cameralpina.ch\/wp-content\/uploads\/2024\/03\/home-lafroda-bg-2.jpg\" class=\"attachment-full size-full wp-image-3165\" alt=\"\" srcset=\"https:\/\/cameralpina.ch\/wp-content\/uploads\/2024\/03\/home-lafroda-bg-2.jpg 628w, https:\/\/cameralpina.ch\/wp-content\/uploads\/2024\/03\/home-lafroda-bg-2-600x383.jpg 600w, https:\/\/cameralpina.ch\/wp-content\/uploads\/2024\/03\/home-lafroda-bg-2-300x192.jpg 300w\" sizes=\"(max-width: 628px) 100vw, 628px\" \/>\t\t\t\t\t\t\t\t\t\t\t\t\t\t\t<\/div>\n\t\t\t\t<\/div>\n\t\t\t\t<\/div>\n\t\t<div class=\"elementor-element elementor-element-660d737 e-con-full e-flex e-con e-child\" data-id=\"660d737\" data-element_type=\"container\">\n\t\t\t\t<div class=\"elementor-element elementor-element-f6a7eaf elementor-widget elementor-widget-heading\" data-id=\"f6a7eaf\" data-element_type=\"widget\" data-widget_type=\"heading.default\">\n\t\t\t\t<div class=\"elementor-widget-container\">\n\t\t\t\t\t<h1 class=\"elementor-heading-title elementor-size-default\">UNSER STANDORT<\/h1>\t\t\t\t<\/div>\n\t\t\t\t<\/div>\n\t\t\t\t<div class=\"elementor-element elementor-element-797cf9d elementor-widget elementor-widget-text-editor\" data-id=\"797cf9d\" data-element_type=\"widget\" data-widget_type=\"text-editor.default\">\n\t\t\t\t<div class=\"elementor-widget-container\">\n\t\t\t\t\t\t\t\t\t<p>6690 Foroglio (Cavergno)<br \/>Bavonatal, Tessin<\/p>\n<\/p>\n<p><a href=\"mailto:info@cameralpina.ch\">info@cameralpina.ch<\/a><br \/>0041 91 754 11 81 | 0041 79 230 94 79 <\/p>\n<\/p>\n<p>Buchungen sind vom 1. Mai \u2013 15. Oktober m\u00f6glich<\/p>\n\t\t\t\t\t\t\t\t<\/div>\n\t\t\t\t<\/div>\n\t\t\t\t<\/div>\n\t\t\t\t<\/div>\n\t\t\t\t\t<\/div>\n\t\t\t\t<\/div>\n\t\t\t\t<\/div>\n\t\t","protected":false},"excerpt":{"rendered":"<p>Alpines ZIMMER KONTAKTE F\u00dcR INFORMATIONEN Schicke uns eine Mitteilung, wenn du weitere Informationen \u00fcber deinen Aufenthalt erhalten m\u00f6chtest. UNSER STANDORT 6690 Foroglio (Cavergno) Bavonatal, Tessin info@cameralpina.ch 0041 91 754 11 81 | 0041 79 230 94 79 Buchungen sind vom 1. Mai \u2013 15. Oktober m\u00f6glich<\/p>\n","protected":false},"author":3,"featured_media":0,"parent":0,"menu_order":0,"comment_status":"closed","ping_status":"closed","template":"","meta":{"site-sidebar-layout":"no-sidebar","site-content-layout":"page-builder","ast-site-content-layout":"full-width-container","site-content-style":"unboxed","site-sidebar-style":"unboxed","ast-global-header-display":"","ast-banner-title-visibility":"","ast-main-header-display":"","ast-hfb-above-header-display":"","ast-hfb-below-header-display":"","ast-hfb-mobile-header-display":"","site-post-title":"disabled","ast-breadcrumbs-content":"","ast-featured-img":"disabled","footer-sml-layout":"","theme-transparent-header-meta":"enabled","adv-header-id-meta":"","stick-header-meta":"default","header-above-stick-meta":"","header-main-stick-meta":"","header-below-stick-meta":"","astra-migrate-meta-layouts":"set","ast-page-background-enabled":"default","ast-page-background-meta":{"desktop":{"background-color":"var(--ast-global-color-4)","background-image":"","background-repeat":"repeat","background-position":"center center","background-size":"auto","background-attachment":"scroll","background-type":"","background-media":"","overlay-type":"","overlay-color":"","overlay-gradient":""},"tablet":{"background-color":"","background-image":"","background-repeat":"repeat","background-position":"center center","background-size":"auto","background-attachment":"scroll","background-type":"","background-media":"","overlay-type":"","overlay-color":"","overlay-gradient":""},"mobile":{"background-color":"","background-image":"","background-repeat":"repeat","background-position":"center center","background-size":"auto","background-attachment":"scroll","background-type":"","background-media":"","overlay-type":"","overlay-color":"","overlay-gradient":""}},"ast-content-background-meta":{"desktop":{"background-color":"var(--ast-global-color-5)","background-image":"","background-repeat":"repeat","background-position":"center center","background-size":"auto","background-attachment":"scroll","background-type":"","background-media":"","overlay-type":"","overlay-color":"","overlay-gradient":""},"tablet":{"background-color":"var(--ast-global-color-5)","background-image":"","background-repeat":"repeat","background-position":"center center","background-size":"auto","background-attachment":"scroll","background-type":"","background-media":"","overlay-type":"","overlay-color":"","overlay-gradient":""},"mobile":{"background-color":"var(--ast-global-color-5)","background-image":"","background-repeat":"repeat","background-position":"center center","background-size":"auto","background-attachment":"scroll","background-type":"","background-media":"","overlay-type":"","overlay-color":"","overlay-gradient":""}},"footnotes":""},"class_list":["post-3115","page","type-page","status-publish","hentry"],"yoast_head":"<!-- This site is optimized with the Yoast SEO plugin v25.0 - https:\/\/yoast.com\/wordpress\/plugins\/seo\/ -->\n<title>\u00dcbernachten in Val Bavona | Buchen Sie das alpine Zimmer<\/title>\n<meta name=\"description\" content=\"Kontaktieren Sie uns, um einen unvergesslichen Aufenthalt im Val Bavona, Tessin, zu buchen. Das Alpine Zimmer wartet auf Sie.\" \/>\n<meta name=\"robots\" content=\"index, follow, max-snippet:-1, max-image-preview:large, max-video-preview:-1\" \/>\n<link rel=\"canonical\" href=\"https:\/\/cameralpina.ch\/de\/kontakte\/\" \/>\n<meta property=\"og:locale\" content=\"de_DE\" \/>\n<meta property=\"og:type\" content=\"article\" \/>\n<meta property=\"og:title\" content=\"\u00dcbernachten in Val Bavona | Buchen Sie das alpine Zimmer\" \/>\n<meta property=\"og:description\" content=\"Kontaktieren Sie uns, um einen unvergesslichen Aufenthalt im Val Bavona, Tessin, zu buchen. Das Alpine Zimmer wartet auf Sie.\" \/>\n<meta property=\"og:url\" content=\"https:\/\/cameralpina.ch\/de\/kontakte\/\" \/>\n<meta property=\"og:site_name\" content=\"La Camera Alpina\" \/>\n<meta property=\"article:modified_time\" content=\"2025-02-07T11:00:40+00:00\" \/>\n<meta property=\"og:image\" content=\"https:\/\/cameralpina.ch\/wp-content\/uploads\/2024\/03\/home-lafroda-bg-2.jpg\" \/>\n<meta name=\"twitter:card\" content=\"summary_large_image\" \/>\n<meta name=\"twitter:label1\" content=\"Gesch\u00e4tzte Lesezeit\" \/>\n\t<meta name=\"twitter:data1\" content=\"1\u00a0Minute\" \/>\n<script type=\"application\/ld+json\" class=\"yoast-schema-graph\">{\"@context\":\"https:\/\/schema.org\",\"@graph\":[{\"@type\":\"WebPage\",\"@id\":\"https:\/\/cameralpina.ch\/de\/kontakte\/\",\"url\":\"https:\/\/cameralpina.ch\/de\/kontakte\/\",\"name\":\"\u00dcbernachten in Val Bavona | Buchen Sie das alpine Zimmer\",\"isPartOf\":{\"@id\":\"https:\/\/cameralpina.ch\/de\/#website\"},\"primaryImageOfPage\":{\"@id\":\"https:\/\/cameralpina.ch\/de\/kontakte\/#primaryimage\"},\"image\":{\"@id\":\"https:\/\/cameralpina.ch\/de\/kontakte\/#primaryimage\"},\"thumbnailUrl\":\"https:\/\/cameralpina.ch\/wp-content\/uploads\/2024\/03\/home-lafroda-bg-2.jpg\",\"datePublished\":\"2021-11-21T14:14:44+00:00\",\"dateModified\":\"2025-02-07T11:00:40+00:00\",\"description\":\"Kontaktieren Sie uns, um einen unvergesslichen Aufenthalt im Val Bavona, Tessin, zu buchen. Das Alpine Zimmer wartet auf Sie.\",\"breadcrumb\":{\"@id\":\"https:\/\/cameralpina.ch\/de\/kontakte\/#breadcrumb\"},\"inLanguage\":\"de\",\"potentialAction\":[{\"@type\":\"ReadAction\",\"target\":[\"https:\/\/cameralpina.ch\/de\/kontakte\/\"]}]},{\"@type\":\"ImageObject\",\"inLanguage\":\"de\",\"@id\":\"https:\/\/cameralpina.ch\/de\/kontakte\/#primaryimage\",\"url\":\"https:\/\/cameralpina.ch\/wp-content\/uploads\/2024\/03\/home-lafroda-bg-2.jpg\",\"contentUrl\":\"https:\/\/cameralpina.ch\/wp-content\/uploads\/2024\/03\/home-lafroda-bg-2.jpg\"},{\"@type\":\"BreadcrumbList\",\"@id\":\"https:\/\/cameralpina.ch\/de\/kontakte\/#breadcrumb\",\"itemListElement\":[{\"@type\":\"ListItem\",\"position\":1,\"name\":\"Home\",\"item\":\"https:\/\/cameralpina.ch\/de\/\"},{\"@type\":\"ListItem\",\"position\":2,\"name\":\"KONTAKTE\"}]},{\"@type\":\"WebSite\",\"@id\":\"https:\/\/cameralpina.ch\/de\/#website\",\"url\":\"https:\/\/cameralpina.ch\/de\/\",\"name\":\"La Camera Alpina\",\"description\":\"\",\"publisher\":{\"@id\":\"https:\/\/cameralpina.ch\/de\/#organization\"},\"potentialAction\":[{\"@type\":\"SearchAction\",\"target\":{\"@type\":\"EntryPoint\",\"urlTemplate\":\"https:\/\/cameralpina.ch\/de\/?s={search_term_string}\"},\"query-input\":{\"@type\":\"PropertyValueSpecification\",\"valueRequired\":true,\"valueName\":\"search_term_string\"}}],\"inLanguage\":\"de\"},{\"@type\":\"Organization\",\"@id\":\"https:\/\/cameralpina.ch\/de\/#organization\",\"name\":\"La Camera Alpina\",\"url\":\"https:\/\/cameralpina.ch\/de\/\",\"logo\":{\"@type\":\"ImageObject\",\"inLanguage\":\"de\",\"@id\":\"https:\/\/cameralpina.ch\/de\/#\/schema\/logo\/image\/\",\"url\":\"https:\/\/cameralpina.ch\/wp-content\/uploads\/2021\/11\/logo-camera-alpina.png\",\"contentUrl\":\"https:\/\/cameralpina.ch\/wp-content\/uploads\/2021\/11\/logo-camera-alpina.png\",\"width\":451,\"height\":191,\"caption\":\"La Camera Alpina\"},\"image\":{\"@id\":\"https:\/\/cameralpina.ch\/de\/#\/schema\/logo\/image\/\"}}]}<\/script>\n<!-- \/ Yoast SEO plugin. -->","yoast_head_json":{"title":"\u00dcbernachten in Val Bavona | Buchen Sie das alpine Zimmer","description":"Kontaktieren Sie uns, um einen unvergesslichen Aufenthalt im Val Bavona, Tessin, zu buchen. Das Alpine Zimmer wartet auf Sie.","robots":{"index":"index","follow":"follow","max-snippet":"max-snippet:-1","max-image-preview":"max-image-preview:large","max-video-preview":"max-video-preview:-1"},"canonical":"https:\/\/cameralpina.ch\/de\/kontakte\/","og_locale":"de_DE","og_type":"article","og_title":"\u00dcbernachten in Val Bavona | Buchen Sie das alpine Zimmer","og_description":"Kontaktieren Sie uns, um einen unvergesslichen Aufenthalt im Val Bavona, Tessin, zu buchen. Das Alpine Zimmer wartet auf Sie.","og_url":"https:\/\/cameralpina.ch\/de\/kontakte\/","og_site_name":"La Camera Alpina","article_modified_time":"2025-02-07T11:00:40+00:00","og_image":[{"url":"https:\/\/cameralpina.ch\/wp-content\/uploads\/2024\/03\/home-lafroda-bg-2.jpg","type":"","width":"","height":""}],"twitter_card":"summary_large_image","twitter_misc":{"Gesch\u00e4tzte Lesezeit":"1\u00a0Minute"},"schema":{"@context":"https:\/\/schema.org","@graph":[{"@type":"WebPage","@id":"https:\/\/cameralpina.ch\/de\/kontakte\/","url":"https:\/\/cameralpina.ch\/de\/kontakte\/","name":"\u00dcbernachten in Val Bavona | Buchen Sie das alpine Zimmer","isPartOf":{"@id":"https:\/\/cameralpina.ch\/de\/#website"},"primaryImageOfPage":{"@id":"https:\/\/cameralpina.ch\/de\/kontakte\/#primaryimage"},"image":{"@id":"https:\/\/cameralpina.ch\/de\/kontakte\/#primaryimage"},"thumbnailUrl":"https:\/\/cameralpina.ch\/wp-content\/uploads\/2024\/03\/home-lafroda-bg-2.jpg","datePublished":"2021-11-21T14:14:44+00:00","dateModified":"2025-02-07T11:00:40+00:00","description":"Kontaktieren Sie uns, um einen unvergesslichen Aufenthalt im Val Bavona, Tessin, zu buchen. Das Alpine Zimmer wartet auf Sie.","breadcrumb":{"@id":"https:\/\/cameralpina.ch\/de\/kontakte\/#breadcrumb"},"inLanguage":"de","potentialAction":[{"@type":"ReadAction","target":["https:\/\/cameralpina.ch\/de\/kontakte\/"]}]},{"@type":"ImageObject","inLanguage":"de","@id":"https:\/\/cameralpina.ch\/de\/kontakte\/#primaryimage","url":"https:\/\/cameralpina.ch\/wp-content\/uploads\/2024\/03\/home-lafroda-bg-2.jpg","contentUrl":"https:\/\/cameralpina.ch\/wp-content\/uploads\/2024\/03\/home-lafroda-bg-2.jpg"},{"@type":"BreadcrumbList","@id":"https:\/\/cameralpina.ch\/de\/kontakte\/#breadcrumb","itemListElement":[{"@type":"ListItem","position":1,"name":"Home","item":"https:\/\/cameralpina.ch\/de\/"},{"@type":"ListItem","position":2,"name":"KONTAKTE"}]},{"@type":"WebSite","@id":"https:\/\/cameralpina.ch\/de\/#website","url":"https:\/\/cameralpina.ch\/de\/","name":"La Camera Alpina","description":"","publisher":{"@id":"https:\/\/cameralpina.ch\/de\/#organization"},"potentialAction":[{"@type":"SearchAction","target":{"@type":"EntryPoint","urlTemplate":"https:\/\/cameralpina.ch\/de\/?s={search_term_string}"},"query-input":{"@type":"PropertyValueSpecification","valueRequired":true,"valueName":"search_term_string"}}],"inLanguage":"de"},{"@type":"Organization","@id":"https:\/\/cameralpina.ch\/de\/#organization","name":"La Camera Alpina","url":"https:\/\/cameralpina.ch\/de\/","logo":{"@type":"ImageObject","inLanguage":"de","@id":"https:\/\/cameralpina.ch\/de\/#\/schema\/logo\/image\/","url":"https:\/\/cameralpina.ch\/wp-content\/uploads\/2021\/11\/logo-camera-alpina.png","contentUrl":"https:\/\/cameralpina.ch\/wp-content\/uploads\/2021\/11\/logo-camera-alpina.png","width":451,"height":191,"caption":"La Camera Alpina"},"image":{"@id":"https:\/\/cameralpina.ch\/de\/#\/schema\/logo\/image\/"}}]}},"_links":{"self":[{"href":"https:\/\/cameralpina.ch\/de\/wp-json\/wp\/v2\/pages\/3115","targetHints":{"allow":["GET"]}}],"collection":[{"href":"https:\/\/cameralpina.ch\/de\/wp-json\/wp\/v2\/pages"}],"about":[{"href":"https:\/\/cameralpina.ch\/de\/wp-json\/wp\/v2\/types\/page"}],"author":[{"embeddable":true,"href":"https:\/\/cameralpina.ch\/de\/wp-json\/wp\/v2\/users\/3"}],"replies":[{"embeddable":true,"href":"https:\/\/cameralpina.ch\/de\/wp-json\/wp\/v2\/comments?post=3115"}],"version-history":[{"count":12,"href":"https:\/\/cameralpina.ch\/de\/wp-json\/wp\/v2\/pages\/3115\/revisions"}],"predecessor-version":[{"id":3447,"href":"https:\/\/cameralpina.ch\/de\/wp-json\/wp\/v2\/pages\/3115\/revisions\/3447"}],"wp:attachment":[{"href":"https:\/\/cameralpina.ch\/de\/wp-json\/wp\/v2\/media?parent=3115"}],"curies":[{"name":"wp","href":"https:\/\/api.w.org\/{rel}","templated":true}]}}